{"id":7299,"date":"2024-04-05T14:59:33","date_gmt":"2024-04-05T12:59:33","guid":{"rendered":"https:\/\/acquasystems-ec.com\/?page_id=7299"},"modified":"2024-04-05T15:00:06","modified_gmt":"2024-04-05T13:00:06","slug":"filtros-de-agua-industriales-y-comerciales-2","status":"publish","type":"page","link":"https:\/\/acquasystems-ec.com\/?page_id=7299","title":{"rendered":"Filtros De Agua | Industriales Y Comerciales"},"content":{"rendered":"\t\t<div data-elementor-type=\"wp-page\" data-elementor-id=\"7299\" class=\"elementor elementor-7299\">\n\t\t\t\t        <section class=\"elementor-section elementor-top-section elementor-element elementor-element-d1a8edf elementor-section-stretched elementor-section-boxed elementor-section-height-default elementor-section-height-default ct-header-fixed-none\" data-id=\"d1a8edf\" data-element_type=\"section\" data-settings=\"{&quot;stretch_section&quot;:&quot;section-stretched&quot;,&quot;background_background&quot;:&quot;classic&quot;}\">\n            \n                        <div class=\"elementor-container elementor-column-gap-extended \">\n                    <div class=\"elementor-column elementor-col-100 elementor-top-column elementor-element elementor-element-b2a5a48\" data-id=\"b2a5a48\" data-element_type=\"column\">\n        <div class=\"elementor-widget-wrap elementor-element-populated\">\n                    \n                <section class=\"elementor-section elementor-inner-section elementor-element elementor-element-1e81d5d0 elementor-section-content-middle elementor-section-boxed elementor-section-height-default elementor-section-height-default ct-header-fixed-none\" data-id=\"1e81d5d0\" data-element_type=\"section\">\n            \n                        <div class=\"elementor-container elementor-column-gap-extended \">\n                    <div class=\"elementor-column elementor-col-50 elementor-inner-column elementor-element elementor-element-37942ab8\" data-id=\"37942ab8\" data-element_type=\"column\">\n        <div class=\"elementor-widget-wrap elementor-element-populated\">\n                    \n        \t\t<div class=\"elementor-element elementor-element-365e405d elementor-invisible elementor-widget elementor-widget-ct_heading\" data-id=\"365e405d\" data-element_type=\"widget\" data-settings=\"{&quot;_animation&quot;:&quot;zoomInLeft&quot;}\" data-widget_type=\"ct_heading.default\">\n\t\t\t\t<div class=\"elementor-widget-container\">\n\t\t\t\t\t<div id=\"ct_heading-365e405d\" class=\"ct-heading h-align- ct-heading-left item-st-default\">\r\n\t<div class=\"ct-heading--inner\">\r\n        <div class=\"ct-inline-css\"  data-css=\"\r\n            \">\r\n        <\/div>\r\n            \t\t<div class=\"item--sub-title st-default \" data-wow-delay=\"ms\">\r\n                <div class=\"item--sub-title-inner\">\r\n                                            <div class=\"icon-sub-title\">\r\n                            <svg version=\"1.0\" xmlns=\"http:\/\/www.w3.org\/2000\/svg\" viewBox=\"0 0 382.000000 382.000000\" preserveAspectRatio=\"xMidYMid meet\">\r\n                                <defs>\r\n                                    <linearGradient id=\"sub-icon1\" x1=\"0%\" y1=\"0%\" x2=\"0%\" y2=\"100%\">\r\n                                          <stop offset=\"0%\" style=\"stop-color:#0431b8;stop-opacity:1\" \/>\r\n                                          <stop offset=\"100%\" style=\"stop-color:#007cfb;stop-opacity:1\" \/>\r\n                                    <\/linearGradient>\r\n                                  <\/defs>\r\n                                <g fill=\"url(#sub-icon1)\" transform=\"translate(0.000000,382.000000) scale(0.100000,-0.100000)\" fill=\"#000000\" stroke=\"none\"><path d=\"M1856 3797 c-20 -20 -23 -36 -29 -142 -50 -901 -761 -1612 -1662 -1662 -106 -6 -122 -9 -142 -29 -30 -30 -30 -78 0 -108 20 -20 36 -23 142 -29 901 -50 1612 -761 1662 -1662 6 -106 9 -122 29 -142 30 -30 78 -30 108 0 20 20 23 36 29 142 50 901 761 1612 1662 1662 106 6 122 9 142 29 30 30 30 78 0 108 -20 20 -36 23 -142 29 -901 50 -1612 761 -1662 1662 -6 106 -9 122 -29 142 -14 14 -35 23 -54 23 -19 0 -40 -9 -54 -23z\"\/><\/g>\r\n                            <\/svg>\r\n                            <svg version=\"1.0\" xmlns=\"http:\/\/www.w3.org\/2000\/svg\" viewBox=\"0 0 382.000000 382.000000\" preserveAspectRatio=\"xMidYMid meet\">\r\n                                <defs>\r\n                                    <linearGradient id=\"sub-icon2\" x1=\"0%\" y1=\"0%\" x2=\"0%\" y2=\"100%\">\r\n                                          <stop offset=\"0%\" style=\"stop-color:#0431b8;stop-opacity:1\" \/>\r\n                                          <stop offset=\"100%\" style=\"stop-color:#007cfb;stop-opacity:1\" \/>\r\n                                    <\/linearGradient>\r\n                                  <\/defs>\r\n                                <g fill=\"url(#sub-icon2)\" transform=\"translate(0.000000,382.000000) scale(0.100000,-0.100000)\" fill=\"#000000\" stroke=\"none\"><path d=\"M1856 3797 c-20 -20 -23 -36 -29 -142 -50 -901 -761 -1612 -1662 -1662 -106 -6 -122 -9 -142 -29 -30 -30 -30 -78 0 -108 20 -20 36 -23 142 -29 901 -50 1612 -761 1662 -1662 6 -106 9 -122 29 -142 30 -30 78 -30 108 0 20 20 23 36 29 142 50 901 761 1612 1662 1662 106 6 122 9 142 29 30 30 30 78 0 108 -20 20 -36 23 -142 29 -901 50 -1612 761 -1662 1662 -6 106 -9 122 -29 142 -14 14 -35 23 -54 23 -19 0 -40 -9 -54 -23z\"\/><\/g>\r\n                            <\/svg>\r\n                            <svg version=\"1.0\" xmlns=\"http:\/\/www.w3.org\/2000\/svg\" viewBox=\"0 0 382.000000 382.000000\" preserveAspectRatio=\"xMidYMid meet\">\r\n                                <defs>\r\n                                    <linearGradient id=\"sub-icon3\" x1=\"0%\" y1=\"0%\" x2=\"0%\" y2=\"100%\">\r\n                                          <stop offset=\"0%\" style=\"stop-color:#0431b8;stop-opacity:1\" \/>\r\n                                          <stop offset=\"100%\" style=\"stop-color:#007cfb;stop-opacity:1\" \/>\r\n                                    <\/linearGradient>\r\n                                  <\/defs>\r\n                                <g fill=\"url(#sub-icon3)\" transform=\"translate(0.000000,382.000000) scale(0.100000,-0.100000)\" fill=\"#000000\" stroke=\"none\"><path d=\"M1856 3797 c-20 -20 -23 -36 -29 -142 -50 -901 -761 -1612 -1662 -1662 -106 -6 -122 -9 -142 -29 -30 -30 -30 -78 0 -108 20 -20 36 -23 142 -29 901 -50 1612 -761 1662 -1662 6 -106 9 -122 29 -142 30 -30 78 -30 108 0 20 20 23 36 29 142 50 901 761 1612 1662 1662 106 6 122 9 142 29 30 30 30 78 0 108 -20 20 -36 23 -142 29 -901 50 -1612 761 -1662 1662 -6 106 -9 122 -29 142 -14 14 -35 23 -54 23 -19 0 -40 -9 -54 -23z\"\/><\/g>\r\n                            <\/svg>\r\n                        <\/div>\r\n                                        Tienda                <\/div>\r\n            <\/div>\r\n    \t        <h3 class=\"item--title  st-default \" data-wow-delay=\"ms\">\r\n            <span class=\"ct-text-inner\">Nuestros productos <\/span>        <\/h3>\r\n    <\/div>\r\n<\/div>\t\t\t\t<\/div>\n\t\t\t\t<\/div>\n\t\t            <\/div>\n        <\/div>\n                <div class=\"elementor-column elementor-col-50 elementor-inner-column elementor-element elementor-element-28185c3a\" data-id=\"28185c3a\" data-element_type=\"column\">\n        <div class=\"elementor-widget-wrap elementor-element-populated\">\n                    \n        \t\t<div class=\"elementor-element elementor-element-2424eaab elementor-invisible elementor-widget elementor-widget-ct_text_editor\" data-id=\"2424eaab\" data-element_type=\"widget\" data-settings=\"{&quot;_animation&quot;:&quot;zoomInRight&quot;}\" data-widget_type=\"ct_text_editor.default\">\n\t\t\t\t<div class=\"elementor-widget-container\">\n\t\t\t\t\t<div id=\"ct_text_editor-2424eaab\" class=\"ct-text-editor \" data-wow-delay=\"ms\">\n\t<div class=\"ct-item--inner\">\n\t\t<div class=\"ct-inline-css\"  data-css=\"\n\t        \t\t\t\">\n\n\t    <\/div>\n\t\t<div class=\"ct-text-editor elementor-clearfix\">\n\t\t\t<p>Se brinda atenci\u00f3n a Nivel Nacional y para los distintos sectores industriales de alimentos, farmac\u00e9uticos y de cosm\u00e9ticos, Cl\u00ednicas y Hospitales, haciendas, campamentos, comunidades y para hogares.<\/p>\t\t\n\t\t<\/div>\n\t<\/div>\n<\/div>\t\t\t\t<\/div>\n\t\t\t\t<\/div>\n\t\t            <\/div>\n        <\/div>\n                    <\/div>\n        <\/section>\n                <section class=\"elementor-section elementor-inner-section elementor-element elementor-element-3b7a6cb elementor-section-content-middle elementor-section-boxed elementor-section-height-default elementor-section-height-default ct-header-fixed-none\" data-id=\"3b7a6cb\" data-element_type=\"section\">\n            \n                        <div class=\"elementor-container elementor-column-gap-extended \">\n                    <div class=\"elementor-column elementor-col-100 elementor-inner-column elementor-element elementor-element-b73eac3\" data-id=\"b73eac3\" data-element_type=\"column\">\n        <div class=\"elementor-widget-wrap elementor-element-populated\">\n                    \n        \t\t<div class=\"elementor-element elementor-element-61c15fd elementor-invisible elementor-widget elementor-widget-ct_heading\" data-id=\"61c15fd\" data-element_type=\"widget\" data-settings=\"{&quot;_animation&quot;:&quot;fadeInDown&quot;,&quot;_animation_delay&quot;:700}\" data-widget_type=\"ct_heading.default\">\n\t\t\t\t<div class=\"elementor-widget-container\">\n\t\t\t\t\t<div id=\"ct_heading-61c15fd\" class=\"ct-heading h-align-center ct-heading-left item-st-default\">\r\n\t<div class=\"ct-heading--inner\">\r\n        <div class=\"ct-inline-css\"  data-css=\"\r\n            \">\r\n        <\/div>\r\n                <h3 class=\"item--title  st-default \" data-wow-delay=\"ms\">\r\n            <span class=\"ct-text-inner\">SISTEMAS DE FILTROS PARA AGUA\n<\/span>        <\/h3>\r\n    <\/div>\r\n<\/div>\t\t\t\t<\/div>\n\t\t\t\t<\/div>\n\t\t\t\t<div class=\"elementor-element elementor-element-a653622 elementor-widget elementor-widget-text-editor\" data-id=\"a653622\" data-element_type=\"widget\" data-widget_type=\"text-editor.default\">\n\t\t\t\t<div class=\"elementor-widget-container\">\n\t\t\t\t\t\t\t\t\t<p>Si su problema gira en torno a la eliminaci\u00f3n de impurezas no deseadas del agua del grifo, procesos de plantas industriales o negocios comerciales, tenemos los sistemas eficientes que est\u00e1 buscando de nuestra amplia selecci\u00f3n de filtros de agua. Sin embargo, es importante comprender que un filtro espec\u00edfico no est\u00e1 dise\u00f1ado para eliminar todos los contaminantes, por lo que es mejor comprender qu\u00e9 filtros funcionan mejor para su problema.<\/p>\t\t\t\t\t\t\t\t<\/div>\n\t\t\t\t<\/div>\n\t\t            <\/div>\n        <\/div>\n                    <\/div>\n        <\/section>\n                    <\/div>\n        <\/div>\n                    <\/div>\n        <\/section>\n        <div class=\"elementor-element elementor-element-dfb6c0d e-flex e-con-boxed e-con e-parent\" data-id=\"dfb6c0d\" data-element_type=\"container\">\n\t\t\t\t\t<div class=\"e-con-inner\">\n\t\t<div class=\"elementor-element elementor-element-86b3b54 e-con-full e-flex e-con e-child\" data-id=\"86b3b54\" data-element_type=\"container\">\n\t\t\t\t<div class=\"elementor-element elementor-element-1a9a98c elementor-widget elementor-widget-image\" data-id=\"1a9a98c\" data-element_type=\"widget\" data-widget_type=\"image.default\">\n\t\t\t\t<div class=\"elementor-widget-container\">\n\t\t\t\t\t\t\t\t\t\t\t\t\t\t\t\t<a href=\"https:\/\/acquasystems-ec.com\/wp-content\/uploads\/2024\/04\/industrial-steel-tank-water-media-filters-1.jpg\" data-elementor-open-lightbox=\"yes\" data-elementor-lightbox-title=\"industrial-steel-tank-water-media-filters\" data-e-action-hash=\"#elementor-action%3Aaction%3Dlightbox%26settings%3DeyJpZCI6NzMwMSwidXJsIjoiaHR0cHM6XC9cL2FjcXVhc3lzdGVtcy1lYy5jb21cL3dwLWNvbnRlbnRcL3VwbG9hZHNcLzIwMjRcLzA0XC9pbmR1c3RyaWFsLXN0ZWVsLXRhbmstd2F0ZXItbWVkaWEtZmlsdGVycy0xLmpwZyJ9\">\n\t\t\t\t\t\t\t<img fetchpriority=\"high\" decoding=\"async\" width=\"400\" height=\"200\" src=\"https:\/\/acquasystems-ec.com\/wp-content\/uploads\/2024\/04\/industrial-steel-tank-water-media-filters-1.jpg\" class=\"attachment-full size-full wp-image-7301\" alt=\"\" srcset=\"https:\/\/acquasystems-ec.com\/wp-content\/uploads\/2024\/04\/industrial-steel-tank-water-media-filters-1.jpg 400w, https:\/\/acquasystems-ec.com\/wp-content\/uploads\/2024\/04\/industrial-steel-tank-water-media-filters-1-300x150.jpg 300w\" sizes=\"(max-width: 400px) 100vw, 400px\" \/>\t\t\t\t\t\t\t\t<\/a>\n\t\t\t\t\t\t\t\t\t\t\t\t\t\t\t<\/div>\n\t\t\t\t<\/div>\n\t\t\t\t<div class=\"elementor-element elementor-element-4569633 elementor-widget elementor-widget-heading\" data-id=\"4569633\" data-element_type=\"widget\" data-widget_type=\"heading.default\">\n\t\t\t\t<div class=\"elementor-widget-container\">\n\t\t\t\t\t<h6 class=\"elementor-heading-title elementor-size-default\">Filtros de Medios MF-100<\/h6>\t\t\t\t<\/div>\n\t\t\t\t<\/div>\n\t\t\t\t<div class=\"elementor-element elementor-element-8366cda elementor-align-center elementor-widget elementor-widget-ct_button\" data-id=\"8366cda\" data-element_type=\"widget\" data-widget_type=\"ct_button.default\">\n\t\t\t\t<div class=\"elementor-widget-container\">\n\t\t\t\t\t<div id=\"ct_button-8366cda\" class=\"ct-button-wrapper ct-button-layout1\">\r\n    <div class=\"ct-inline-css\"  data-css=\"\r\n        \">\r\n    <\/div>\r\n            <span class=\"ct-icon-active\"><\/span>\r\n        <a href=\"https:\/\/acquasystems-ec.com\/?page_id=30\" class=\"btn   btn-default  icon-ps- \" data-wow-delay=\"ms\">\r\n                            <span class=\"ct-button-icon ct-align-icon-\">\r\n                            <\/span>\r\n                <span class=\"ct-button-text\">\r\n                        Cotizar        <\/span>\r\n    <\/a>\r\n<\/div>\t\t\t\t<\/div>\n\t\t\t\t<\/div>\n\t\t\t\t<\/div>\n\t\t<div class=\"elementor-element elementor-element-8e808dc e-con-full e-flex e-con e-child\" data-id=\"8e808dc\" data-element_type=\"container\">\n\t\t\t\t<div class=\"elementor-element elementor-element-08fd73b elementor-widget elementor-widget-image\" data-id=\"08fd73b\" data-element_type=\"widget\" data-widget_type=\"image.default\">\n\t\t\t\t<div class=\"elementor-widget-container\">\n\t\t\t\t\t\t\t\t\t\t\t\t\t\t\t\t<a href=\"https:\/\/acquasystems-ec.com\/wp-content\/uploads\/2024\/04\/industrial-stainless-steel-water-media-filter.jpg\" data-elementor-open-lightbox=\"yes\" data-elementor-lightbox-title=\"industrial-stainless-steel-water-media-filter\" data-e-action-hash=\"#elementor-action%3Aaction%3Dlightbox%26settings%3DeyJpZCI6NzMwMiwidXJsIjoiaHR0cHM6XC9cL2FjcXVhc3lzdGVtcy1lYy5jb21cL3dwLWNvbnRlbnRcL3VwbG9hZHNcLzIwMjRcLzA0XC9pbmR1c3RyaWFsLXN0YWlubGVzcy1zdGVlbC13YXRlci1tZWRpYS1maWx0ZXIuanBnIn0%3D\">\n\t\t\t\t\t\t\t<img decoding=\"async\" width=\"400\" height=\"200\" src=\"https:\/\/acquasystems-ec.com\/wp-content\/uploads\/2024\/04\/industrial-stainless-steel-water-media-filter.jpg\" class=\"attachment-full size-full wp-image-7302\" alt=\"\" srcset=\"https:\/\/acquasystems-ec.com\/wp-content\/uploads\/2024\/04\/industrial-stainless-steel-water-media-filter.jpg 400w, https:\/\/acquasystems-ec.com\/wp-content\/uploads\/2024\/04\/industrial-stainless-steel-water-media-filter-300x150.jpg 300w\" sizes=\"(max-width: 400px) 100vw, 400px\" \/>\t\t\t\t\t\t\t\t<\/a>\n\t\t\t\t\t\t\t\t\t\t\t\t\t\t\t<\/div>\n\t\t\t\t<\/div>\n\t\t\t\t<div class=\"elementor-element elementor-element-4436f58 elementor-widget elementor-widget-heading\" data-id=\"4436f58\" data-element_type=\"widget\" data-widget_type=\"heading.default\">\n\t\t\t\t<div class=\"elementor-widget-container\">\n\t\t\t\t\t<h6 class=\"elementor-heading-title elementor-size-default\">Filtros de Medios MF-1100<\/h6>\t\t\t\t<\/div>\n\t\t\t\t<\/div>\n\t\t\t\t<div class=\"elementor-element elementor-element-c99fbd0 elementor-align-center elementor-widget elementor-widget-ct_button\" data-id=\"c99fbd0\" data-element_type=\"widget\" data-widget_type=\"ct_button.default\">\n\t\t\t\t<div class=\"elementor-widget-container\">\n\t\t\t\t\t<div id=\"ct_button-c99fbd0\" class=\"ct-button-wrapper ct-button-layout1\">\r\n    <div class=\"ct-inline-css\"  data-css=\"\r\n        \">\r\n    <\/div>\r\n            <span class=\"ct-icon-active\"><\/span>\r\n        <a href=\"https:\/\/acquasystems-ec.com\/?page_id=30\" class=\"btn   btn-default  icon-ps- \" data-wow-delay=\"ms\">\r\n                            <span class=\"ct-button-icon ct-align-icon-\">\r\n                            <\/span>\r\n                <span class=\"ct-button-text\">\r\n                        Cotizar        <\/span>\r\n    <\/a>\r\n<\/div>\t\t\t\t<\/div>\n\t\t\t\t<\/div>\n\t\t\t\t<div class=\"elementor-element elementor-element-7729e0a elementor-widget elementor-widget-spacer\" data-id=\"7729e0a\" data-element_type=\"widget\" data-widget_type=\"spacer.default\">\n\t\t\t\t<div class=\"elementor-widget-container\">\n\t\t\t\t\t\t\t<div class=\"elementor-spacer\">\n\t\t\t<div class=\"elementor-spacer-inner\"><\/div>\n\t\t<\/div>\n\t\t\t\t\t\t<\/div>\n\t\t\t\t<\/div>\n\t\t\t\t<\/div>\n\t\t<div class=\"elementor-element elementor-element-dfb6a74 e-con-full e-flex e-con e-child\" data-id=\"dfb6a74\" data-element_type=\"container\">\n\t\t\t\t<div class=\"elementor-element elementor-element-9b9a03e elementor-widget elementor-widget-image\" data-id=\"9b9a03e\" data-element_type=\"widget\" data-widget_type=\"image.default\">\n\t\t\t\t<div class=\"elementor-widget-container\">\n\t\t\t\t\t\t\t\t\t\t\t\t\t\t\t\t<a href=\"https:\/\/acquasystems-ec.com\/wp-content\/uploads\/2024\/04\/industrial-commercial-cartridge-filter-housings.jpg\" data-elementor-open-lightbox=\"yes\" data-elementor-lightbox-title=\"industrial-commercial-cartridge-filter-housings\" data-e-action-hash=\"#elementor-action%3Aaction%3Dlightbox%26settings%3DeyJpZCI6NzMwMywidXJsIjoiaHR0cHM6XC9cL2FjcXVhc3lzdGVtcy1lYy5jb21cL3dwLWNvbnRlbnRcL3VwbG9hZHNcLzIwMjRcLzA0XC9pbmR1c3RyaWFsLWNvbW1lcmNpYWwtY2FydHJpZGdlLWZpbHRlci1ob3VzaW5ncy5qcGcifQ%3D%3D\">\n\t\t\t\t\t\t\t<img decoding=\"async\" width=\"400\" height=\"200\" src=\"https:\/\/acquasystems-ec.com\/wp-content\/uploads\/2024\/04\/industrial-commercial-cartridge-filter-housings.jpg\" class=\"attachment-full size-full wp-image-7303\" alt=\"\" srcset=\"https:\/\/acquasystems-ec.com\/wp-content\/uploads\/2024\/04\/industrial-commercial-cartridge-filter-housings.jpg 400w, https:\/\/acquasystems-ec.com\/wp-content\/uploads\/2024\/04\/industrial-commercial-cartridge-filter-housings-300x150.jpg 300w\" sizes=\"(max-width: 400px) 100vw, 400px\" \/>\t\t\t\t\t\t\t\t<\/a>\n\t\t\t\t\t\t\t\t\t\t\t\t\t\t\t<\/div>\n\t\t\t\t<\/div>\n\t\t\t\t<div class=\"elementor-element elementor-element-509f962 elementor-widget elementor-widget-heading\" data-id=\"509f962\" data-element_type=\"widget\" data-widget_type=\"heading.default\">\n\t\t\t\t<div class=\"elementor-widget-container\">\n\t\t\t\t\t<h6 class=\"elementor-heading-title elementor-size-default\">Carcasas de Acero Inoxidable para filtro<\/h6>\t\t\t\t<\/div>\n\t\t\t\t<\/div>\n\t\t\t\t<div class=\"elementor-element elementor-element-b960a2e elementor-align-center elementor-widget elementor-widget-ct_button\" data-id=\"b960a2e\" data-element_type=\"widget\" data-widget_type=\"ct_button.default\">\n\t\t\t\t<div class=\"elementor-widget-container\">\n\t\t\t\t\t<div id=\"ct_button-b960a2e\" class=\"ct-button-wrapper ct-button-layout1\">\r\n    <div class=\"ct-inline-css\"  data-css=\"\r\n        \">\r\n    <\/div>\r\n            <span class=\"ct-icon-active\"><\/span>\r\n        <a href=\"https:\/\/acquasystems-ec.com\/?page_id=30\" class=\"btn   btn-default  icon-ps- \" data-wow-delay=\"ms\">\r\n                            <span class=\"ct-button-icon ct-align-icon-\">\r\n                            <\/span>\r\n                <span class=\"ct-button-text\">\r\n                        Cotizar        <\/span>\r\n    <\/a>\r\n<\/div>\t\t\t\t<\/div>\n\t\t\t\t<\/div>\n\t\t\t\t<\/div>\n\t\t<div class=\"elementor-element elementor-element-7b99430 e-con-full e-flex e-con e-child\" data-id=\"7b99430\" data-element_type=\"container\">\n\t\t\t\t<div class=\"elementor-element elementor-element-dad8fbc elementor-widget elementor-widget-image\" data-id=\"dad8fbc\" data-element_type=\"widget\" data-widget_type=\"image.default\">\n\t\t\t\t<div class=\"elementor-widget-container\">\n\t\t\t\t\t\t\t\t\t\t\t\t\t\t\t\t<a href=\"https:\/\/acquasystems-ec.com\/wp-content\/uploads\/2024\/04\/industrial-fiberglass-carbon-filter.jpg\" data-elementor-open-lightbox=\"yes\" data-elementor-lightbox-title=\"industrial-fiberglass-carbon-filter\" data-e-action-hash=\"#elementor-action%3Aaction%3Dlightbox%26settings%3DeyJpZCI6NzMwNCwidXJsIjoiaHR0cHM6XC9cL2FjcXVhc3lzdGVtcy1lYy5jb21cL3dwLWNvbnRlbnRcL3VwbG9hZHNcLzIwMjRcLzA0XC9pbmR1c3RyaWFsLWZpYmVyZ2xhc3MtY2FyYm9uLWZpbHRlci5qcGcifQ%3D%3D\">\n\t\t\t\t\t\t\t<img loading=\"lazy\" decoding=\"async\" width=\"400\" height=\"200\" src=\"https:\/\/acquasystems-ec.com\/wp-content\/uploads\/2024\/04\/industrial-fiberglass-carbon-filter.jpg\" class=\"attachment-full size-full wp-image-7304\" alt=\"\" srcset=\"https:\/\/acquasystems-ec.com\/wp-content\/uploads\/2024\/04\/industrial-fiberglass-carbon-filter.jpg 400w, https:\/\/acquasystems-ec.com\/wp-content\/uploads\/2024\/04\/industrial-fiberglass-carbon-filter-300x150.jpg 300w\" sizes=\"(max-width: 400px) 100vw, 400px\" \/>\t\t\t\t\t\t\t\t<\/a>\n\t\t\t\t\t\t\t\t\t\t\t\t\t\t\t<\/div>\n\t\t\t\t<\/div>\n\t\t\t\t<div class=\"elementor-element elementor-element-3e889b3 elementor-widget elementor-widget-heading\" data-id=\"3e889b3\" data-element_type=\"widget\" data-widget_type=\"heading.default\">\n\t\t\t\t<div class=\"elementor-widget-container\">\n\t\t\t\t\t<h6 class=\"elementor-heading-title elementor-size-default\">Filtros de Medios MF-600<\/h6>\t\t\t\t<\/div>\n\t\t\t\t<\/div>\n\t\t\t\t<div class=\"elementor-element elementor-element-f99bf03 elementor-align-center elementor-widget elementor-widget-ct_button\" data-id=\"f99bf03\" data-element_type=\"widget\" data-widget_type=\"ct_button.default\">\n\t\t\t\t<div class=\"elementor-widget-container\">\n\t\t\t\t\t<div id=\"ct_button-f99bf03\" class=\"ct-button-wrapper ct-button-layout1\">\r\n    <div class=\"ct-inline-css\"  data-css=\"\r\n        \">\r\n    <\/div>\r\n            <span class=\"ct-icon-active\"><\/span>\r\n        <a href=\"https:\/\/acquasystems-ec.com\/?page_id=30\" class=\"btn   btn-default  icon-ps- \" data-wow-delay=\"ms\">\r\n                            <span class=\"ct-button-icon ct-align-icon-\">\r\n                            <\/span>\r\n                <span class=\"ct-button-text\">\r\n                        Cotizar        <\/span>\r\n    <\/a>\r\n<\/div>\t\t\t\t<\/div>\n\t\t\t\t<\/div>\n\t\t\t\t<\/div>\n\t\t\t\t\t<\/div>\n\t\t\t\t<\/div>\n\t\t\t\t<\/div>\n\t\t","protected":false},"excerpt":{"rendered":"<p>Tienda Nuestros productos Se brinda atenci\u00f3n a Nivel Nacional y para los distintos sectores industriales de alimentos, farmac\u00e9uticos y de cosm\u00e9ticos, Cl\u00ednicas y Hospitales, haciendas, campamentos, comunidades y para hogares. SISTEMAS DE FILTROS PARA AGUA Si su problema gira en torno a la eliminaci\u00f3n de impurezas no deseadas del agua del grifo, procesos de plantas [&hellip;]<\/p>\n","protected":false},"author":1,"featured_media":0,"parent":0,"menu_order":0,"comment_status":"closed","ping_status":"closed","template":"","meta":{"_joinchat":[],"footnotes":""},"class_list":["post-7299","page","type-page","status-publish","hentry"],"_links":{"self":[{"href":"https:\/\/acquasystems-ec.com\/index.php?rest_route=\/wp\/v2\/pages\/7299","targetHints":{"allow":["GET"]}}],"collection":[{"href":"https:\/\/acquasystems-ec.com\/index.php?rest_route=\/wp\/v2\/pages"}],"about":[{"href":"https:\/\/acquasystems-ec.com\/index.php?rest_route=\/wp\/v2\/types\/page"}],"author":[{"embeddable":true,"href":"https:\/\/acquasystems-ec.com\/index.php?rest_route=\/wp\/v2\/users\/1"}],"replies":[{"embeddable":true,"href":"https:\/\/acquasystems-ec.com\/index.php?rest_route=%2Fwp%2Fv2%2Fcomments&post=7299"}],"version-history":[{"count":4,"href":"https:\/\/acquasystems-ec.com\/index.php?rest_route=\/wp\/v2\/pages\/7299\/revisions"}],"predecessor-version":[{"id":7309,"href":"https:\/\/acquasystems-ec.com\/index.php?rest_route=\/wp\/v2\/pages\/7299\/revisions\/7309"}],"wp:attachment":[{"href":"https:\/\/acquasystems-ec.com\/index.php?rest_route=%2Fwp%2Fv2%2Fmedia&parent=7299"}],"curies":[{"name":"wp","href":"https:\/\/api.w.org\/{rel}","templated":true}]}}